{"id":2549,"date":"2022-03-10T23:10:30","date_gmt":"2022-03-10T21:10:30","guid":{"rendered":"https:\/\/hulkur.ee\/kokteilipakid\/"},"modified":"2025-03-13T20:16:10","modified_gmt":"2025-03-13T18:16:10","slug":"cocktail-gift-set-estonia","status":"publish","type":"page","link":"https:\/\/hulkur.ee\/en\/cocktail-gift-set-estonia\/","title":{"rendered":"Cocktail Gift Sets EN"},"content":{"rendered":"","protected":false},"excerpt":{"rendered":"","protected":false},"author":2,"featured_media":2062,"parent":0,"menu_order":0,"comment_status":"closed","ping_status":"closed","template":"template-cocktails.php","meta":{"_acf_changed":false,"footnotes":""},"class_list":["post-2549","page","type-page","status-publish","has-post-thumbnail","hentry"],"acf":[],"yoast_head":"<!-- This site is optimized with the Yoast SEO plugin v27.3 - https:\/\/yoast.com\/product\/yoast-seo-wordpress\/ -->\n<title>Hulkuri Kokteili Kinkepakid<\/title>\n<meta name=\"description\" content=\"Looking for a unique gift? Try Hulkur R\u00e4ndbaar\u2019s DIY cocktail gift sets. Premium ingredients, easy instructions, and fun for any occasion.\" \/>\n<meta name=\"robots\" content=\"index, follow, max-snippet:-1, max-image-preview:large, max-video-preview:-1\" \/>\n<link rel=\"canonical\" href=\"https:\/\/hulkur.ee\/en\/cocktail-gift-set-estonia\/\" \/>\n<meta property=\"og:locale\" content=\"en_US\" \/>\n<meta property=\"og:type\" content=\"article\" \/>\n<meta property=\"og:title\" content=\"Hulkuri Kokteili Kinkepakid\" \/>\n<meta property=\"og:description\" content=\"Hulkuri kokteili kinkepakid on nii magusad kui m\u00f5rkjad, aga alati tujut\u00f5stvad. Tutvu pakkidega l\u00e4hemalt.\" \/>\n<meta property=\"og:url\" content=\"https:\/\/hulkur.ee\/en\/cocktail-gift-set-estonia\/\" \/>\n<meta property=\"og:site_name\" content=\"Hulkur R&auml;ndbaar\" \/>\n<meta property=\"article:publisher\" content=\"https:\/\/x.facebook.com\/hulkurbaar\/\" \/>\n<meta property=\"article:modified_time\" content=\"2025-03-13T18:16:10+00:00\" \/>\n<meta property=\"og:image\" content=\"https:\/\/hulkur.ee\/wp-content\/uploads\/2022\/11\/HEader_Final-scaled.jpg\" \/>\n\t<meta property=\"og:image:width\" content=\"2560\" \/>\n\t<meta property=\"og:image:height\" content=\"1075\" \/>\n\t<meta property=\"og:image:type\" content=\"image\/jpeg\" \/>\n<meta name=\"twitter:card\" content=\"summary_large_image\" \/>\n<meta name=\"twitter:title\" content=\"Hulkur R\u00e4ndbaar: Kokteilibaar Sinu Peol\" \/>\n<meta name=\"twitter:description\" content=\"Olen Hulkur r\u00e4ndbaar ja tulen sinna, kuhu Sa mind vajad! Olgu eesm\u00e4rgiks avalik v\u00f5i era\u00fcritus, tulgu kohale 10 v\u00f5i 1000 inimest \u2013 k\u00f5igile meisterdan kokteilid!\" \/>\n<meta name=\"twitter:image\" content=\"https:\/\/hulkur.ee\/wp-content\/uploads\/2020\/07\/homepage.png\" \/>\n<meta name=\"twitter:label1\" content=\"Est. reading time\" \/>\n\t<meta name=\"twitter:data1\" content=\"1 minute\" \/>\n<script type=\"application\/ld+json\" class=\"yoast-schema-graph\">{\"@context\":\"https:\\\/\\\/schema.org\",\"@graph\":[{\"@type\":\"WebPage\",\"@id\":\"https:\\\/\\\/hulkur.ee\\\/en\\\/cocktail-gift-set-estonia\\\/\",\"url\":\"https:\\\/\\\/hulkur.ee\\\/en\\\/cocktail-gift-set-estonia\\\/\",\"name\":\"Hulkuri Kokteili Kinkepakid\",\"isPartOf\":{\"@id\":\"https:\\\/\\\/hulkur.ee\\\/en\\\/#website\"},\"primaryImageOfPage\":{\"@id\":\"https:\\\/\\\/hulkur.ee\\\/en\\\/cocktail-gift-set-estonia\\\/#primaryimage\"},\"image\":{\"@id\":\"https:\\\/\\\/hulkur.ee\\\/en\\\/cocktail-gift-set-estonia\\\/#primaryimage\"},\"thumbnailUrl\":\"https:\\\/\\\/hulkur.ee\\\/wp-content\\\/uploads\\\/2022\\\/11\\\/HEader_Final-scaled.jpg\",\"datePublished\":\"2022-03-10T21:10:30+00:00\",\"dateModified\":\"2025-03-13T18:16:10+00:00\",\"description\":\"Looking for a unique gift? Try Hulkur R\u00e4ndbaar\u2019s DIY cocktail gift sets. Premium ingredients, easy instructions, and fun for any occasion.\",\"breadcrumb\":{\"@id\":\"https:\\\/\\\/hulkur.ee\\\/en\\\/cocktail-gift-set-estonia\\\/#breadcrumb\"},\"inLanguage\":\"en-US\",\"potentialAction\":[{\"@type\":\"ReadAction\",\"target\":[\"https:\\\/\\\/hulkur.ee\\\/en\\\/cocktail-gift-set-estonia\\\/\"]}]},{\"@type\":\"ImageObject\",\"inLanguage\":\"en-US\",\"@id\":\"https:\\\/\\\/hulkur.ee\\\/en\\\/cocktail-gift-set-estonia\\\/#primaryimage\",\"url\":\"https:\\\/\\\/hulkur.ee\\\/wp-content\\\/uploads\\\/2022\\\/11\\\/HEader_Final-scaled.jpg\",\"contentUrl\":\"https:\\\/\\\/hulkur.ee\\\/wp-content\\\/uploads\\\/2022\\\/11\\\/HEader_Final-scaled.jpg\",\"width\":2560,\"height\":1075,\"caption\":\"Hulkuri Kokteili Kinkepakid\"},{\"@type\":\"BreadcrumbList\",\"@id\":\"https:\\\/\\\/hulkur.ee\\\/en\\\/cocktail-gift-set-estonia\\\/#breadcrumb\",\"itemListElement\":[{\"@type\":\"ListItem\",\"position\":1,\"name\":\"Home\",\"item\":\"https:\\\/\\\/hulkur.ee\\\/en\\\/\"},{\"@type\":\"ListItem\",\"position\":2,\"name\":\"Cocktail Gift Sets EN\"}]},{\"@type\":\"WebSite\",\"@id\":\"https:\\\/\\\/hulkur.ee\\\/en\\\/#website\",\"url\":\"https:\\\/\\\/hulkur.ee\\\/en\\\/\",\"name\":\"Hulkur R\u00e4ndbaar\",\"description\":\"Hulkur R&auml;ndbaar toob peo sinu juurde &ndash; koos j&auml;&auml; ja laimiga\",\"publisher\":{\"@id\":\"https:\\\/\\\/hulkur.ee\\\/en\\\/#organization\"},\"alternateName\":\"Hulkur\",\"potentialAction\":[{\"@type\":\"SearchAction\",\"target\":{\"@type\":\"EntryPoint\",\"urlTemplate\":\"https:\\\/\\\/hulkur.ee\\\/en\\\/?s={search_term_string}\"},\"query-input\":{\"@type\":\"PropertyValueSpecification\",\"valueRequired\":true,\"valueName\":\"search_term_string\"}}],\"inLanguage\":\"en-US\"},{\"@type\":\"Organization\",\"@id\":\"https:\\\/\\\/hulkur.ee\\\/en\\\/#organization\",\"name\":\"Hulkur R\u00e4ndbaar\",\"alternateName\":\"Hulkur\",\"url\":\"https:\\\/\\\/hulkur.ee\\\/en\\\/\",\"logo\":{\"@type\":\"ImageObject\",\"inLanguage\":\"en-US\",\"@id\":\"https:\\\/\\\/hulkur.ee\\\/en\\\/#\\\/schema\\\/logo\\\/image\\\/\",\"url\":\"https:\\\/\\\/hulkur.ee\\\/wp-content\\\/uploads\\\/2020\\\/10\\\/hulkur-logo.svg\",\"contentUrl\":\"https:\\\/\\\/hulkur.ee\\\/wp-content\\\/uploads\\\/2020\\\/10\\\/hulkur-logo.svg\",\"width\":275,\"height\":235,\"caption\":\"Hulkur R\u00e4ndbaar\"},\"image\":{\"@id\":\"https:\\\/\\\/hulkur.ee\\\/en\\\/#\\\/schema\\\/logo\\\/image\\\/\"},\"sameAs\":[\"https:\\\/\\\/x.facebook.com\\\/hulkurbaar\\\/\",\"https:\\\/\\\/www.instagram.com\\\/hulkurbaar\"]}]}<\/script>\n<!-- \/ Yoast SEO plugin. -->","yoast_head_json":{"title":"Hulkuri Kokteili Kinkepakid","description":"Looking for a unique gift? Try Hulkur R\u00e4ndbaar\u2019s DIY cocktail gift sets. Premium ingredients, easy instructions, and fun for any occasion.","robots":{"index":"index","follow":"follow","max-snippet":"max-snippet:-1","max-image-preview":"max-image-preview:large","max-video-preview":"max-video-preview:-1"},"canonical":"https:\/\/hulkur.ee\/en\/cocktail-gift-set-estonia\/","og_locale":"en_US","og_type":"article","og_title":"Hulkuri Kokteili Kinkepakid","og_description":"Hulkuri kokteili kinkepakid on nii magusad kui m\u00f5rkjad, aga alati tujut\u00f5stvad. Tutvu pakkidega l\u00e4hemalt.","og_url":"https:\/\/hulkur.ee\/en\/cocktail-gift-set-estonia\/","og_site_name":"Hulkur R&auml;ndbaar","article_publisher":"https:\/\/x.facebook.com\/hulkurbaar\/","article_modified_time":"2025-03-13T18:16:10+00:00","og_image":[{"width":2560,"height":1075,"url":"https:\/\/hulkur.ee\/wp-content\/uploads\/2022\/11\/HEader_Final-scaled.jpg","type":"image\/jpeg"}],"twitter_card":"summary_large_image","twitter_title":"Hulkur R\u00e4ndbaar: Kokteilibaar Sinu Peol","twitter_description":"Olen Hulkur r\u00e4ndbaar ja tulen sinna, kuhu Sa mind vajad! Olgu eesm\u00e4rgiks avalik v\u00f5i era\u00fcritus, tulgu kohale 10 v\u00f5i 1000 inimest \u2013 k\u00f5igile meisterdan kokteilid!","twitter_image":"https:\/\/hulkur.ee\/wp-content\/uploads\/2020\/07\/homepage.png","twitter_misc":{"Est. reading time":"1 minute"},"schema":{"@context":"https:\/\/schema.org","@graph":[{"@type":"WebPage","@id":"https:\/\/hulkur.ee\/en\/cocktail-gift-set-estonia\/","url":"https:\/\/hulkur.ee\/en\/cocktail-gift-set-estonia\/","name":"Hulkuri Kokteili Kinkepakid","isPartOf":{"@id":"https:\/\/hulkur.ee\/en\/#website"},"primaryImageOfPage":{"@id":"https:\/\/hulkur.ee\/en\/cocktail-gift-set-estonia\/#primaryimage"},"image":{"@id":"https:\/\/hulkur.ee\/en\/cocktail-gift-set-estonia\/#primaryimage"},"thumbnailUrl":"https:\/\/hulkur.ee\/wp-content\/uploads\/2022\/11\/HEader_Final-scaled.jpg","datePublished":"2022-03-10T21:10:30+00:00","dateModified":"2025-03-13T18:16:10+00:00","description":"Looking for a unique gift? Try Hulkur R\u00e4ndbaar\u2019s DIY cocktail gift sets. Premium ingredients, easy instructions, and fun for any occasion.","breadcrumb":{"@id":"https:\/\/hulkur.ee\/en\/cocktail-gift-set-estonia\/#breadcrumb"},"inLanguage":"en-US","potentialAction":[{"@type":"ReadAction","target":["https:\/\/hulkur.ee\/en\/cocktail-gift-set-estonia\/"]}]},{"@type":"ImageObject","inLanguage":"en-US","@id":"https:\/\/hulkur.ee\/en\/cocktail-gift-set-estonia\/#primaryimage","url":"https:\/\/hulkur.ee\/wp-content\/uploads\/2022\/11\/HEader_Final-scaled.jpg","contentUrl":"https:\/\/hulkur.ee\/wp-content\/uploads\/2022\/11\/HEader_Final-scaled.jpg","width":2560,"height":1075,"caption":"Hulkuri Kokteili Kinkepakid"},{"@type":"BreadcrumbList","@id":"https:\/\/hulkur.ee\/en\/cocktail-gift-set-estonia\/#breadcrumb","itemListElement":[{"@type":"ListItem","position":1,"name":"Home","item":"https:\/\/hulkur.ee\/en\/"},{"@type":"ListItem","position":2,"name":"Cocktail Gift Sets EN"}]},{"@type":"WebSite","@id":"https:\/\/hulkur.ee\/en\/#website","url":"https:\/\/hulkur.ee\/en\/","name":"Hulkur R\u00e4ndbaar","description":"Hulkur R&auml;ndbaar toob peo sinu juurde &ndash; koos j&auml;&auml; ja laimiga","publisher":{"@id":"https:\/\/hulkur.ee\/en\/#organization"},"alternateName":"Hulkur","potentialAction":[{"@type":"SearchAction","target":{"@type":"EntryPoint","urlTemplate":"https:\/\/hulkur.ee\/en\/?s={search_term_string}"},"query-input":{"@type":"PropertyValueSpecification","valueRequired":true,"valueName":"search_term_string"}}],"inLanguage":"en-US"},{"@type":"Organization","@id":"https:\/\/hulkur.ee\/en\/#organization","name":"Hulkur R\u00e4ndbaar","alternateName":"Hulkur","url":"https:\/\/hulkur.ee\/en\/","logo":{"@type":"ImageObject","inLanguage":"en-US","@id":"https:\/\/hulkur.ee\/en\/#\/schema\/logo\/image\/","url":"https:\/\/hulkur.ee\/wp-content\/uploads\/2020\/10\/hulkur-logo.svg","contentUrl":"https:\/\/hulkur.ee\/wp-content\/uploads\/2020\/10\/hulkur-logo.svg","width":275,"height":235,"caption":"Hulkur R\u00e4ndbaar"},"image":{"@id":"https:\/\/hulkur.ee\/en\/#\/schema\/logo\/image\/"},"sameAs":["https:\/\/x.facebook.com\/hulkurbaar\/","https:\/\/www.instagram.com\/hulkurbaar"]}]}},"_links":{"self":[{"href":"https:\/\/hulkur.ee\/en\/wp-json\/wp\/v2\/pages\/2549","targetHints":{"allow":["GET"]}}],"collection":[{"href":"https:\/\/hulkur.ee\/en\/wp-json\/wp\/v2\/pages"}],"about":[{"href":"https:\/\/hulkur.ee\/en\/wp-json\/wp\/v2\/types\/page"}],"author":[{"embeddable":true,"href":"https:\/\/hulkur.ee\/en\/wp-json\/wp\/v2\/users\/2"}],"replies":[{"embeddable":true,"href":"https:\/\/hulkur.ee\/en\/wp-json\/wp\/v2\/comments?post=2549"}],"version-history":[{"count":3,"href":"https:\/\/hulkur.ee\/en\/wp-json\/wp\/v2\/pages\/2549\/revisions"}],"predecessor-version":[{"id":2604,"href":"https:\/\/hulkur.ee\/en\/wp-json\/wp\/v2\/pages\/2549\/revisions\/2604"}],"wp:featuredmedia":[{"embeddable":true,"href":"https:\/\/hulkur.ee\/en\/wp-json\/wp\/v2\/media\/2062"}],"wp:attachment":[{"href":"https:\/\/hulkur.ee\/en\/wp-json\/wp\/v2\/media?parent=2549"}],"curies":[{"name":"wp","href":"https:\/\/api.w.org\/{rel}","templated":true}]}}